{"id":171,"date":"2013-08-12T15:25:26","date_gmt":"2013-08-12T13:25:26","guid":{"rendered":"http:\/\/www.astrologie-zentrum-hannover.de\/wordpress\/?page_id=171"},"modified":"2021-01-10T19:47:50","modified_gmt":"2021-01-10T17:47:50","slug":"referenzen","status":"publish","type":"page","link":"https:\/\/www.astrologie-zentrum-hannover.de\/wordpress\/referenzen\/","title":{"rendered":"Klientenstimmen"},"content":{"rendered":"<p><strong>Klientenstimmen<\/strong><br \/>\nHoroskopdeutung und pers\u00f6nliche Beratung sind eine wichtige Unterst\u00fctzung und konkrete Hilfe in schwierigen Momenten. Viele Klienten haben mir im Laufe der Jahre dies best\u00e4tigt. Eine kleine Auswahl ihrer Kommentare ver\u00f6ffentliche ich hier.<\/p>\n<hr \/>\n<blockquote><p>Feedback vom Fragebogen:<\/p>\n<p>Meine Erwartungen wurden \u00fcbertroffen. Sie haben mir auf einf\u00fchlsame und klare Weise meine Seiten aufgezeigt anhand der Tierkreiszeichen und damit zu meiner Selbsterkenntnis beigetragen. Vielen Dank! R. R., Hannover, Oktober 2020<\/p>\n<p>Feedback vom Fragebogen:<\/p>\n<p>Da ich das erste Mal bei einer astrologsichen Beratung, war, hatte ich kaum Erwartungen. die Informationen waren sehr st\u00e4rkend. Ich kann die Beratung klar weiterempfehlen. Mich w\u00fcrde auch interessieren: Was passiert auf \/ mit der Erde. Und das Thema Partnerschaft w\u00e4re interessant. Danke f\u00fcr die sch\u00f6ne, offene Atmosph\u00e4re. Es gab ein paar Aha-Erlebnisse, in denen ich mich bis ins Tiefste gesehen gef\u00fchlt habe. Ich bin gespannt auf das kommende Jahr, das einige Ver\u00e4nderungen birgt und die Grenzen meines ausgepr\u00e4gten Sicherheitsbed\u00fcrfnisses \u00fcberschritten werden d\u00fcrfen. &#8220;Scheitern geh\u00f6rt zum Leben dazu.&#8221; A. G., Hannover<\/p>\n<p>Feedback vom Fragebogen:<br \/>\nDie Erwartungen wurden in vollem Umfang und dar\u00fcber hinaus erf\u00fcllt. Alles war sehr aufbauend und best\u00e4rkend. Die Beratung kann ich uneingeschr\u00e4nkt weiter empfehlen. Es war sehr umfassend und fundiert. L. V. Seesen, Juli 2019<\/p><\/blockquote>\n<hr \/>\n<blockquote><p>Feedback vom Fragebogen:<br \/>\nSie haben mir geholfen, mich besser zu verstehen. Die Beratung ist hilfreich, in jedem Alter! I. J., Laatzen, Juni 2019<\/p><\/blockquote>\n<hr \/>\n<blockquote><p>Feedback vom Fragebogen:<br \/>\n&#8220;&#8230; Ich habe mich geborgen und verstanden gef\u00fchlt. Das aktive Zuh\u00f6ren, eingebunden mit, in meinem Geburtshoroskop, gab mir mehr Verst\u00e4ndnis und auch Aufmerksamkeit f\u00fcr mich selbst; zeigte mir weitere Richtungstendenzen.&#8221; O. I.-A., Laatzen, Januar 2019<\/p><\/blockquote>\n<hr \/>\n<blockquote><p>Feedback vom Fragebogen:<br \/>\nDie Beratung fand in einer sehr angenehmen und offenen Atmosph\u00e4re statt. Inhaltlich war f\u00fcr mich alles dabei, was ich brauchte. Besonders den Vergleich zwischen Radix und Solar finde ich hilfreich. O. R., Bomlitz, August 2018<\/p><\/blockquote>\n<hr \/>\n<blockquote><p>Feedback vom Fragebogen:<br \/>\nEin Horoskop ist erst einmal eine Anordnung von Linien in einem Kreis. Frau Becker-Baumann gelingt es &#8211; mit viel Wissen nat\u00fcrlich &#8211; und sehr einf\u00fchlsam, aus diesem Liniengewirr ein ganz pers\u00f6nliches Lebensmuster herauszuarbeiten. So entsteht allm\u00e4hlich in einem Gespr\u00e4ch ein verst\u00e4ndliches neues Lebenskleid.<br \/>\nNach dem Beratungsgespr\u00e4ch \u00fcber mein Gebursthoroskop habe ich mich zum 1. Mal nach 70 Jahren wirklich verstanden und angenommen gef\u00fchlt.<br \/>\nDer besondere Bonus: Das ganze Gespr\u00e4ch kann man auf einer CD mit nach Hause nehmen. J. J., Bielefeld, April 2018<\/p><\/blockquote>\n<hr \/>\n<blockquote><p>Feedback vom Fragebogen:<br \/>\nWurden Ihre Erwartungen erf\u00fcllt? Ja, voll und ganz. Und \u00fcbertroffen durch Ihre freundlich-bestimmte Art, die Dinge auf den Punkt zu bringen.<br \/>\nWaren die Informationen hilfreich f\u00fcr Sie? Sehr. Eindr\u00fccklich, wie betriebsblind bei Vorbildung ich bin.<br \/>\nK\u00f6nnen Sie die Beratung weiter empfehlen? Ja und tue ich. Ich f\u00fchle mich gut beraten, weil Sie meine eigenen theoretischen \u00dcberlegungen auf soliden Grund stellten. Ihr Fokus auf Aszendent, Sonne und Mond gibt mir ein gutes Ger\u00fcst u\/o Grund \/ Boden f\u00fcr meine Aktivit\u00e4ten in der kommenden Zeit. Es stabilisert und erdet mich. Danke!<br \/>\nQu. E. aus Link\u00f6ping, Schweden, November 2016<\/p><\/blockquote>\n<hr \/>\n<blockquote><p>Feedback vom Fragebogen:<br \/>\nWurden Ihre Erwartungen erf\u00fcllt? Ja, auf jeden Fall.<br \/>\nWaren die Informationen hilfreich f\u00fcr Sie? Ja, sehr hilfreich, viele gute, anregende Ideen und Informationen!<br \/>\nK\u00f6nnen Sie die Beratung weiter empfehlen? Ja, unbedingt. Es war alles so sorgsam vorbereitet; eine Beratung mit viel Liebe, Verst\u00e4ndnis, Einf\u00fchlungsverm\u00f6gen bei gro\u00dfer astrologischer Erfahrung und Kompetenz. Es hat viel Spa\u00df gemacht in sehr netter, liebevoll gestalteter Atmosph\u00e4re, und ich habe mich sehr gut verstanden, angeregt und beraten gef\u00fchlt. Herzlichen Dank! Dr. B. A., Hannover, Dezember 2016<\/p><\/blockquote>\n<hr \/>\n<blockquote><p>Liebe Annegret,<br \/>\nmit Spannung habe ich Dein Horoskop erwartet und &#8212; war \u00fcberw\u00e4ltigt.<br \/>\nEine so pr\u00e4zise Schilderung meiner Pers\u00f6nlichkeit habe ich nicht erwartet.<br \/>\nAuch wenn ich eher skeptisch \u00fcber die Treffsicherheit von Horoskopen allein nach den Geburtsdaten dachte, wurde ich eines Besseren belehrt.<br \/>\nEinige Punkte in meiner Pers\u00f6nlichkeit und Herangehensweise waren bewusst. Aber, mir war nicht klar, wie ausgepr\u00e4gt sie waren und mein Wesen bestimmen. Dass \u201eKrebse\u201c sensible Menschen sind und vieles allzu \u201eernst\u201c nehmen, war mir bekannt. Schlie\u00dflich erlebe ich es immer wieder. Wovon die St\u00e4rke, Ehrgeiz, H\u00e4uslichkeit, Kunst, Kreativit\u00e4t (Kochen, Malen, Gestalten, Gefallen an allen sch\u00f6nen Dingen) kommen, allerdings nicht.<br \/>\nAlles trifft voll zu. Neben der Sensibilit\u00e4t gibt es \u00e4u\u00dfere St\u00e4rke, die so \u201estark\u201c gar nicht ist. St\u00e4rke soll Verletzlichkeit \u00fcberdecken. Das f\u00fchrt oft zu Missverst\u00e4ndnissen, so dass \u201eVerletzlichkeit durch Andere\u201c die Folge ist und mich nicht schlafen l\u00e4sst. Gelassenheit ist mir leider immer noch nicht gegeben.<br \/>\n\u00dcberraschend war die Aussage, dass Mond im Krebs \u201eh\u00e4ufig ein Gesp\u00fcr f\u00fcr Dinge, die in der Luft liegen, f\u00fcr Atmosph\u00e4risches und f\u00fcr Ahnungen\u201c, hat. Es ist mir oft unheimlich, dass Dinge eintreten, die vorhergesehen oder -geahnt wurden.<br \/>\nDas Fazit, zur inneren Ruhe und Souver\u00e4nit\u00e4t zu gelangen, werde ich beherzigen, in der Hoffnung, dass es mir das eine oder andere Mal gelingen m\u00f6ge. Es w\u00fcrde mir viel Kummer ersparen.<br \/>\nTausend Dank f\u00fcr die pr\u00e4zisen Schilderungen \u00fcber St\u00e4rken und Schw\u00e4chen meiner Pers\u00f6nlichkeit. So kann ich mich besser einsch\u00e4tzen und versuchen, damit umzugehen und manche H\u00fcrden zu umschiffen.<br \/>\nL.A-V, Isernhagen, September 2015<\/p><\/blockquote>\n<hr \/>\n<blockquote><p>Vom Feedback-Bogen (September 2015)<br \/>\nFrage: Wurden Ihre Erwartungen erf\u00fcllt? Antwort: Ich hatte keine klaren Erwartungen, aber ich war sehr beeindruckt von der differenzierten Beratung.<br \/>\nFrage: Waren die Informationen hilfreich f\u00fcr Sie? Antwort: Ja durchaus, hilfreich f\u00fcr das eigene Verst\u00e4ndnis der eigenen Person.<br \/>\nFrage: K\u00f6nnen Sie die Beratung weiter empfehlen? Antwort: Auf jeden Fall. B. A., Hannover<\/p><\/blockquote>\n<hr \/>\n<blockquote><p>Sehr geehrte Frau Becker-Baumann,<br \/>\ndas Gespr\u00e4ch mit Ihnen \u00fcbersteigt meine Erwartungen. Mit diesen Informationen werden meine eigenen Sichtweisen klarer. Ich kann die Beratung auf jeden Fall weiter empfehlen. Weitere Themen, die mich interessieren w\u00fcrden, sind das Zusammenspiel innerhalb der Familie. Wie stehe ich zu den anderen Sternzeichen.<br \/>\nIch habe mich sehr wohl gef\u00fchlt und fand das Gespr\u00e4ch sehr ausf\u00fchrlich und bereichernd f\u00fcr mich. In dieser angenehmen und vertraulichen Atmosph\u00e4re konnte ich sehr pers\u00f6nliche Details \u00e4u\u00dfern, die Sie dann in Zusammenhang bringen konnten und mir mehr Klarheit verschafften. Vielen Dank!<br \/>\nD. K., Bremen<\/p><\/blockquote>\n<hr \/>\n<blockquote><p>Liebe Frau Becker-Baumann,<\/p>\n<p>sehr gerne habe ich Ihren Astro-Salon besucht, in dem Sie uns jeden Monat das entsprechende Tierkreiszeichen auf sehr unterhaltsame Weise n\u00e4her gebracht haben. Daran anschlie\u00dfend kam ich zu einer pers\u00f6nlichen Beratung auf der Basis meines Geburtshoroskops mit Jahresprognose. Es war sehr spannend. Sie haben mir best\u00e4tigt, dass ich auf dem richtigen Weg bin und mir au\u00dferdem neue Wege aufgezeigt. Auch habe ich mehr \u00fcber mich erfahren. Gut gef\u00e4llt mir, dass die Beratung auf CD aufgenommen wird. Ich habe die CD schon \u00f6fter angeh\u00f6rt, wenn ich Unterst\u00fctzung brauchte.<\/p>\n<p>Herzliche Gr\u00fc\u00dfe<br \/>\nD. A., Hannover<\/p><\/blockquote>\n<hr \/>\n<blockquote><p>Liebe Annegret,<\/p>\n<p>habe gerade Dein Horoskop gelesen und bin absolut begeistert. Du (oder die Sterne) hast den Nagel auf den Kopf getroffen. &#8230; Ganz vielen Dank f\u00fcr Deine Arbeit. Ganz viele herzliche Gr\u00fc\u00dfe von R.U.E. aus Fallingbostel<\/p><\/blockquote>\n<hr \/>\n<blockquote><p>Liebe Frau Becker-Baumann,<br \/>\nIhnen herzlich Gr\u00fcsse in die Praxis, in der ich viel Wichtiges erfahren habe \u00fcber mich und das jetzt bewusster lebe. Danke an Sie! T. U., G\u00f6ttingen<\/p><\/blockquote>\n<hr \/>\n<blockquote><p>Liebe Frau Becker-Baumann,<br \/>\nMeine Erwartungen wurden voll und ganz erf\u00fcllt, sehr klare Aussagen. Ich kann Ihre Beratung unbedingt weiterempfehlen. Danke, dass die Beratung mir angemessen, d.h. mich als Laien nicht \u00fcberfordert hat.<br \/>\nN.N., Hannover<\/p><\/blockquote>\n<hr \/>\n<blockquote><p>Sehr geehrte Frau Becker-Baumann,<\/p>\n<p>da kann ja jeder sagen was er \u00fcber Horoskope denkt, aber in Ihrem Fall war die Deutung einfach so explizit auf den Punkt, dass selbst der gr\u00f6\u00dfte Skeptiker nicht mehr gegen an argumentieren k\u00f6nnte (es sei denn man sei so wenig selbst-reflektiert, dass man die benannten Punkte nicht bei sich erkannt h\u00e4tte).<br \/>\nAm spannendsten war beinahe die Benennung der Themen, die mir bereits bekannt waren, in sofern, als dass es mich best\u00e4rkt hat darin, dass ich vom Ansatz her auf dem richtigen Weg bin und selbstsicher zu meiner Entscheidung stehen kann. (und spannend somit f\u00fcr mich die Treffsicherheit der Information, die aus dem Horoskop zu lesen ist, selbst &#8220;am realen Leben&#8221; abgleichen zu k\u00f6nnen und zu sehen, dass die \u00dcbereinstimmungen deutlich zu sehen sind).<\/p>\n<p>Es war nicht nur informativ, interessant und spannend &#8220;sowas mal zu h\u00f6ren&#8221;, sondern es hat mich explizit best\u00e4rkt und wegweisende Hinweise gegeben.<br \/>\nSicher ist es f\u00fcr jeden auch Selbstvertrauen-st\u00e4rkend zu sehen, dass gewisse Themen die einen ber\u00fchren, besch\u00e4ftigen, vielleicht aber auch verunsichern oder \u00e4ngstigen so in dieser Form ok sind, weil es bereits in den Anlagen der Pers\u00f6nlichkeit mitgegeben ist und nicht, wie man vorher vielleicht vermutete, eine &#8220;Schw\u00e4che&#8221; w\u00e4re. Ganz im Gegenteil! Ich habe aus der Beratung mitgenommen, dass einige Punkte die ich als &#8220;Schw\u00e4che&#8221; sah, in Wirklichkeit St\u00e4rken sind! Themen bei denen ich dachte: &#8220;das muss ich bek\u00e4mpfen, das muss ich beseitigen&#8221; ganz im Gegenteil in Wirklichkeit Besonderheiten sind, die man durchaus herausarbeiten, hervorheben und als besondere F\u00e4higkeit dankbar annehmen kann!<\/p>\n<p>Ihre pers\u00f6nlichen Interpretationen, bildhaften Beispiele und Fallbeispiele waren dabei ebenfalls hilfreich und wertvoll, um zu verstehen und zu erkennen! Ein spannender Tag, eine spannende Erfahrung von der ich dauerhaft viel mitnehmen werde!<br \/>\nHerr B. Z., Celle<\/p><\/blockquote>\n<hr \/>\n<blockquote><p><em>Sehr geehrte Frau Becker-Baumann, <\/em><\/p>\n<p>Die Sache mit der CD ist f\u00fcr mich optimal, da ich mir den Text immer wieder mal anh\u00f6ren kann und so auch h\u00e4ufig wieder an neuen, anderen Informationen arbeiten kann.<br \/>\nDas Telefongespr\u00e4ch fand ich dann nochmal sehr hilfreich. Ihre offene, zugewandte Art hat mir Mut gemacht, auch meinerseits offen in das Thema einzusteigen. Wie ich Ihnen schon sagte, war mein Selbstbild sehr auf den Widder ausgerichtet und ich f\u00fchlte mich oft &#8220;nicht richtig&#8221;. Ich habe jetzt die Wesensart der Jungfrau in mein Leben einbezogen. Dadurch sehe ich mich selbst ganz anders, kann andere Seiten von mir ausleben und gehe teilweise auch anders auf Mitmenschen zu, mit der Gewissheit: so entspricht meine Art meinem Wesen. &#8230; Die Arbeit mit Ihnen war ein guter Anfang!<br \/>\nD. Qu., Nienhagen<\/p><\/blockquote>\n<hr \/>\n<blockquote><p>Hallo!<br \/>\nDie Erwartungen wurden wurden \u00fcbererf\u00fcllt. Die Informationen geben mir eine Orientierung, bei anstehenden Entscheidungen und zu bestehenden Situationen mehr Transparenz.<br \/>\nHerr P. J., Hannover<\/p><\/blockquote>\n<hr \/>\n<blockquote><p>Sehr geehrte Frau Becker-Baumann!<\/p>\n<p>Das Gespr\u00e4ch \u00fcber das Jahreshoroskop hat mich in meinem Selbstbewusstsein gest\u00e4rkt. Ich hatte eine aufkommende Unruhe \/ Aufbruch bereits vorher gesp\u00fcrt. Ich danke f\u00fcr das ausf\u00fchrliche Gespr\u00e4ch, welches dem Ende zu sehr intensiv und f\u00fcr mich emotional wurde. Das best\u00e4tigt mir, dass ich nach vielen Jahren meiner Kindheit und Jugend noch einiges aufzuarbeiten habe. Das war sicherlich nicht mein letztes Gespr\u00e4ch mit Ihnen.<br \/>\nF. G., Isernhagen<\/p><\/blockquote>\n<hr \/>\n<blockquote><p>Sehr geehrte Frau Becker-Baumann,<\/p>\n<p>ich lebe seit 15 Jahren in Paraguay, einem s\u00fcdamerikanischen Entwicklungsland, und seit geraumer Zeit trage ich mich mit dem Gedanken, im sozialen Bereich t\u00e4tig zu werden. Eines Tages war ich dann fest entschlossen, mich um junge schulentlassene M\u00e4dchen zu k\u00fcmmern, die in der elterlichen Umgebung darauf warten, geheiratet zu werden. Diesen M\u00e4dchen eine hauswirtschaftliche Anleitung und Ausbildung zu geben, ist mein Ziel.<br \/>\nDa ich diesen Neubeginn selbst finanziere und das Risiko m\u00f6glichst klein halten will, lag es nahe, Sie astrologisch um Auskunft zu bitten. Die Auskunft war sehr positiv und best\u00e4rkte mich, mit dem Projekt zu beginnen. Bisher entwickelt sich alles wunschgem\u00e4\u00df. Ihre Deutung hat mir geholfen, gelassener mit der Herausforderung umzugehen.<br \/>\nG. V., Mariscal Estigarribia, Paraguay<\/p><\/blockquote>\n<hr \/>\n<blockquote><p>Hallo,<\/p>\n<p>meine Erwartungen wurden auf jeden Fall erf\u00fcllt. Die Informationen waren hilfreich, auch gerade, was die &#8220;Schwachpunkte&#8221; angeht. Ich kann Sie gut weiterempfehlen. Mich w\u00fcrden auch grunds\u00e4tzliche Informationen zu den Tierkreiszeichen und den Archetypen interessieren. Aus meiner Sicht war alles gut.<br \/>\nN.N.<\/p><\/blockquote>\n","protected":false},"excerpt":{"rendered":"<p>Klientenstimmen Horoskopdeutung und pers\u00f6nliche Beratung sind eine wichtige Unterst\u00fctzung und konkrete Hilfe in schwierigen Momenten. Viele Klienten haben mir im Laufe der Jahre dies best\u00e4tigt. Eine kleine Auswahl ihrer Kommentare ver\u00f6ffentliche ich hier. Feedback vom Fragebogen: Meine Erwartungen wurden \u00fcbertroffen. &hellip; <a href=\"https:\/\/www.astrologie-zentrum-hannover.de\/wordpress\/referenzen\/\">Weiterlesen <span class=\"meta-nav\">&rarr;<\/span><\/a><\/p>\n","protected":false},"author":1,"featured_media":0,"parent":0,"menu_order":0,"comment_status":"closed","ping_status":"open","template":"onecolumn-page.php","meta":[],"_links":{"self":[{"href":"https:\/\/www.astrologie-zentrum-hannover.de\/wordpress\/wp-json\/wp\/v2\/pages\/171"}],"collection":[{"href":"https:\/\/www.astrologie-zentrum-hannover.de\/wordpress\/wp-json\/wp\/v2\/pages"}],"about":[{"href":"https:\/\/www.astrologie-zentrum-hannover.de\/wordpress\/wp-json\/wp\/v2\/types\/page"}],"author":[{"embeddable":true,"href":"https:\/\/www.astrologie-zentrum-hannover.de\/wordpress\/wp-json\/wp\/v2\/users\/1"}],"replies":[{"embeddable":true,"href":"https:\/\/www.astrologie-zentrum-hannover.de\/wordpress\/wp-json\/wp\/v2\/comments?post=171"}],"version-history":[{"count":65,"href":"https:\/\/www.astrologie-zentrum-hannover.de\/wordpress\/wp-json\/wp\/v2\/pages\/171\/revisions"}],"predecessor-version":[{"id":1922,"href":"https:\/\/www.astrologie-zentrum-hannover.de\/wordpress\/wp-json\/wp\/v2\/pages\/171\/revisions\/1922"}],"wp:attachment":[{"href":"https:\/\/www.astrologie-zentrum-hannover.de\/wordpress\/wp-json\/wp\/v2\/media?parent=171"}],"curies":[{"name":"wp","href":"https:\/\/api.w.org\/{rel}","templated":true}]}}