{"id":771,"date":"2015-05-28T23:12:15","date_gmt":"2015-05-28T21:12:15","guid":{"rendered":"http:\/\/www.astrologie-zentrum-hannover.de\/wordpress\/?page_id=771"},"modified":"2025-09-18T18:25:00","modified_gmt":"2025-09-18T16:25:00","slug":"aktuelles","status":"publish","type":"page","link":"http:\/\/www.astrologie-zentrum-hannover.de\/wordpress\/aktuelles\/","title":{"rendered":"Aktuelles"},"content":{"rendered":"<p><strong>News im September 2025<\/strong><br \/>\nAb Oktober 2025 bin ich nicht mehr unter der bisherigen Festnetz-Telefonnummer erreichbar. Bei Interesse kontaktieren Sie mich gern unter meiner Mobil-Telefonnummer: <a href=\"tel:+4916091398455\">0160 \/ 9139 8455<\/a> oder per e-Mail unter:<br \/>\n<a href=\"mailto:info@astrologie-zentrum-hannover.de\">info@astrologie-zentrum-hannover.de<\/a>.<\/p>\n<p><strong>News im August 2025<\/strong><\/p>\n<p>Die Sommerpause f\u00fchrt zu allerlei neuen Ideen und Pl\u00e4nen. Au\u00dferdem bereite ich so langsam meine beiden Vortr\u00e4ge vor, die ich im Oktober halten werde. Ein Vortrag wird in Bad M\u00fcnder stattfinden, der andere in Wathlingen. Siehe auch unter <a href=\"https:\/\/www.astrologie-zentrum-hannover.de\/wordpress\/termine\/\">Termine<\/a>.<br \/>\nZudem wurde die Seite&nbsp;<a href=\"https:\/\/www.astrologie-zentrum-hannover.de\/wordpress\/astro-videos\/\">Astro-Videos<\/a> \u00fcberarbeitet und zeigt nun alle 12 Tierkreiszeichen.<\/p>\n<p>Aktualisiert am 18. September 2025.<\/p>\n","protected":false},"excerpt":{"rendered":"<p>News im September 2025 Ab Oktober 2025 bin ich nicht mehr unter der bisherigen Festnetz-Telefonnummer erreichbar. Bei Interesse kontaktieren Sie mich gern unter meiner Mobil-Telefonnummer: 0160 \/ 9139 8455 oder per e-Mail unter: info@astrologie-zentrum-hannover.de. News im August 2025 Die Sommerpause &hellip; <a href=\"http:\/\/www.astrologie-zentrum-hannover.de\/wordpress\/aktuelles\/\">Weiterlesen <span class=\"meta-nav\">&rarr;<\/span><\/a><\/p>\n","protected":false},"author":1,"featured_media":0,"parent":0,"menu_order":0,"comment_status":"closed","ping_status":"open","template":"onecolumn-page.php","meta":[],"_links":{"self":[{"href":"http:\/\/www.astrologie-zentrum-hannover.de\/wordpress\/wp-json\/wp\/v2\/pages\/771"}],"collection":[{"href":"http:\/\/www.astrologie-zentrum-hannover.de\/wordpress\/wp-json\/wp\/v2\/pages"}],"about":[{"href":"http:\/\/www.astrologie-zentrum-hannover.de\/wordpress\/wp-json\/wp\/v2\/types\/page"}],"author":[{"embeddable":true,"href":"http:\/\/www.astrologie-zentrum-hannover.de\/wordpress\/wp-json\/wp\/v2\/users\/1"}],"replies":[{"embeddable":true,"href":"http:\/\/www.astrologie-zentrum-hannover.de\/wordpress\/wp-json\/wp\/v2\/comments?post=771"}],"version-history":[{"count":288,"href":"http:\/\/www.astrologie-zentrum-hannover.de\/wordpress\/wp-json\/wp\/v2\/pages\/771\/revisions"}],"predecessor-version":[{"id":2284,"href":"http:\/\/www.astrologie-zentrum-hannover.de\/wordpress\/wp-json\/wp\/v2\/pages\/771\/revisions\/2284"}],"wp:attachment":[{"href":"http:\/\/www.astrologie-zentrum-hannover.de\/wordpress\/wp-json\/wp\/v2\/media?parent=771"}],"curies":[{"name":"wp","href":"https:\/\/api.w.org\/{rel}","templated":true}]}}