{"id":706,"date":"2015-05-03T22:16:19","date_gmt":"2015-05-03T20:16:19","guid":{"rendered":"http:\/\/www.astrologie-zentrum-hannover.de\/wordpress\/?page_id=706"},"modified":"2020-11-23T10:35:25","modified_gmt":"2020-11-23T08:35:25","slug":"arne-paulsen","status":"publish","type":"page","link":"http:\/\/www.astrologie-zentrum-hannover.de\/wordpress\/arne-paulsen\/","title":{"rendered":"Arne Paulsen"},"content":{"rendered":"<p style=\"text-align: center;\"><strong>Interview mit einem Piraten<br \/>\nentstanden Anfang Mai 2015 in Hannover<\/strong><\/p>\n<p><a href=\"http:\/\/www.astrologie-zentrum-hannover.de\/wordpress\/wp-content\/uploads\/2015\/05\/auswahl_1.jpg\" target=\"_blank\" rel=\"noopener noreferrer\"><img decoding=\"async\" class=\"aligncenter\" src=\"http:\/\/www.astrologie-zentrum-hannover.de\/wordpress\/wp-content\/uploads\/2015\/05\/auswahl_1.jpg\" alt=\"Pirat Arne Paulsen und Astrologin Annegret Becker-Baumann\" width=\"500\" \"=\"\"><\/a><\/p>\n<p>Arne.: \u201eIch habe da mal eine Frage, weil ich doch in See steche.\u201c<\/p>\n<p>Astrologin: \u201eWo soll\u2019s denn hingehen?\u201c<\/p>\n<p>Arne.: \u201eDas darf ich nicht verraten. Es geht um Gold, um sehr viel Gold, mehr darf ich nicht sagen. Du m\u00f6chtest doch noch weiterleben \u2026 !\u201c<\/p>\n<p>Astrologin: \u201eUnd was willst du wissen?\u201c<\/p>\n<p>Arne.: \u201eKomme ich heil zur\u00fcck? Vor allem reich, aber auch lebendig?\u201c<\/p>\n<p>Astrologin: \u201eTja, das aktuelle Solar sieht ziemlich gut aus. Jupiter, der Gl\u00fccksplanet, l\u00e4uft zur Zeit durch dein erstes Haus und steht f\u00fcr Erfolg, Reichtum, Gl\u00fcck. Also auf deutsch: reiche Beute, Gold, Juwelen, Perlen, sch\u00f6ne Frauen \u2026\u201c<\/p>\n<p><a href=\"http:\/\/www.astrologie-zentrum-hannover.de\/wordpress\/wp-content\/uploads\/2015\/05\/paulsen_horoskop.jpg\" target=\"_blank\" rel=\"noopener noreferrer\"><img decoding=\"async\" class=\"aligncenter\" src=\"http:\/\/www.astrologie-zentrum-hannover.de\/wordpress\/wp-content\/uploads\/2015\/05\/paulsen_horoskop.jpg\" alt=\"paulsen_horoskop\" width=\"400\"><\/a><\/p>\n<p style=\"text-align: center; font-size: 12px;\">Zum Vergr\u00f6\u00dfern bitte auf das Bild klicken.<\/p>\n<p>Arne: \u201eNicht schlecht. Und was ist mit Rum?\u201c<\/p>\n<p>Astrologin: \u201eRum ist eine Metapher f\u00fcr Feuer-Wasser und ist f\u00fcr die gute Stimmung sehr wichtig. Mit Mond Konjunktion Jupiter in diesem Jahr geht die Buddel nicht zur Neige, da kannst du ganz beruhigt sein, obwohl gewisse Verluste vielleicht einzukalkulieren sind.\u201c<\/p>\n<p>Arne: \u201eWas, Verluste?! Verliere ich meine rechte Hand? Die brauche ich doch, um den Krug zu halten.\u201c<\/p>\n<p>Astrologin: \u201eOh, den Krug? Ich dachte, die braucht ein Pirat f\u00fcr den S\u00e4bel?\u201c<\/p>\n<p>Arne: \u201eWie? Wird es jetzt auch noch gef\u00e4hrlich? Brauche ich wom\u00f6glich einen S\u00e4bel? Den habe ich doch versetzt f\u00fcr die letzte Buddel.\u201c<\/p>\n<p>Astrologin: \u201eJa, ich sehe gewisse Gefahren. Was w\u00e4re das auch sonst f\u00fcr ein Piratenleben?! Sowohl Pluto im 1. Haus des Solars zeigt K\u00e4mpfe an als auch Mars. Der kriegerische Mars l\u00e4uft demn\u00e4chst \u00fcber Deinen Radix-Deszendent, und das bedeutet: Viel Feind, viel Ehr!\u201c<\/p>\n<p>Arne: \u201eMir w\u00e4r ja die Buddel Rum lieber. Aber noch wichtiger ist die Freiheit. K\u00e4mpfen tue ich vor allem, um immer ein freies Piratenleben f\u00fchren zu k\u00f6nnen. Daf\u00fcr w\u00fcrde ich sogar auf den Rum verzichten.\u201c<\/p>\n<p>Astrologin: \u201eDas ist eine sch\u00f6ne Lebensphilosophie, eines Sch\u00fctze-Piraten w\u00fcrdig! Ich sehe eine ganz gro\u00dfartige Zukunft f\u00fcr Dich. Du wirst Dich in allen Schlachten bew\u00e4hren und als gro\u00dfer Sieger heimkehren. Als Entlohnung w\u00fcnsche ich mir dann 10 Golddukaten und eine Buddel von Deinem Rum.\u201c<\/p>\n<p>Arne: \u201e10 Golddukaten??? Du kannst drei Kupferm\u00fcnzen haben, und jetzt Ruhe im Sack!\u201c<\/p>\n<p><a href=\"http:\/\/www.astrologie-zentrum-hannover.de\/wordpress\/wp-content\/uploads\/2015\/05\/paulsen_2_mittew1.jpg\" target=\"&quot;_blank\" rel=\"noopener noreferrer\"><img decoding=\"async\" loading=\"lazy\" class=\"alignright size-medium wp-image-714\" src=\"http:\/\/www.astrologie-zentrum-hannover.de\/wordpress\/wp-content\/uploads\/2015\/05\/paulsen_2_mittew1-300x198.jpg\" alt=\"paulsen_2_mittew1\" width=\"300\" height=\"198\" srcset=\"https:\/\/www.astrologie-zentrum-hannover.de\/wordpress\/wp-content\/uploads\/2015\/05\/paulsen_2_mittew1-300x198.jpg 300w, https:\/\/www.astrologie-zentrum-hannover.de\/wordpress\/wp-content\/uploads\/2015\/05\/paulsen_2_mittew1.jpg 937w\" sizes=\"(max-width: 300px) 100vw, 300px\" \/><\/a><br \/>\n* Arne Paulsen ist das Alter Ego des Darstellers Raphael Felkl, welcher im Sommer 2015 mit Peter Bond, Tanja Schumann, Dustin Semmelrogge und weiteren hochkar\u00e4tigen Schauspielern am <a href=\"http:\/\/www.piratenopenairtheater.de\/\" target=\"_blank\" rel=\"noopener noreferrer\">Piraten Openair-Theater in Grevesm\u00fchlen<\/a> zu sehen war. <a href=\"http:\/\/www.arne-paulsen.de\/\" target=\"_blank\" rel=\"noopener noreferrer\">www.arne-paulsen.de<\/a><\/p>\n","protected":false},"excerpt":{"rendered":"<p>Interview mit einem Piraten entstanden Anfang Mai 2015 in Hannover<\/p>\n","protected":false},"author":1,"featured_media":0,"parent":0,"menu_order":0,"comment_status":"closed","ping_status":"open","template":"onecolumn-page.php","meta":[],"_links":{"self":[{"href":"http:\/\/www.astrologie-zentrum-hannover.de\/wordpress\/wp-json\/wp\/v2\/pages\/706"}],"collection":[{"href":"http:\/\/www.astrologie-zentrum-hannover.de\/wordpress\/wp-json\/wp\/v2\/pages"}],"about":[{"href":"http:\/\/www.astrologie-zentrum-hannover.de\/wordpress\/wp-json\/wp\/v2\/types\/page"}],"author":[{"embeddable":true,"href":"http:\/\/www.astrologie-zentrum-hannover.de\/wordpress\/wp-json\/wp\/v2\/users\/1"}],"replies":[{"embeddable":true,"href":"http:\/\/www.astrologie-zentrum-hannover.de\/wordpress\/wp-json\/wp\/v2\/comments?post=706"}],"version-history":[{"count":29,"href":"http:\/\/www.astrologie-zentrum-hannover.de\/wordpress\/wp-json\/wp\/v2\/pages\/706\/revisions"}],"predecessor-version":[{"id":1844,"href":"http:\/\/www.astrologie-zentrum-hannover.de\/wordpress\/wp-json\/wp\/v2\/pages\/706\/revisions\/1844"}],"wp:attachment":[{"href":"http:\/\/www.astrologie-zentrum-hannover.de\/wordpress\/wp-json\/wp\/v2\/media?parent=706"}],"curies":[{"name":"wp","href":"https:\/\/api.w.org\/{rel}","templated":true}]}}