{"id":54,"date":"2013-07-25T03:01:33","date_gmt":"2013-07-25T01:01:33","guid":{"rendered":"http:\/\/www.astrologie-zentrum-hannover.de\/wordpress\/?page_id=54"},"modified":"2020-11-23T10:45:47","modified_gmt":"2020-11-23T08:45:47","slug":"profil","status":"publish","type":"page","link":"http:\/\/www.astrologie-zentrum-hannover.de\/wordpress\/profil\/","title":{"rendered":"Profil"},"content":{"rendered":"<p style=\"text-align: center;\"><span><b>Profil Annegret Becker-Baumann<\/b><\/span><\/p>\n<p><img decoding=\"async\" loading=\"lazy\" src=\"http:\/\/www.astrologie-zentrum-hannover.de\/wordpress\/wp-content\/uploads\/2013\/07\/Anne-vor-blauer-T\u00fcr-klein1-254x300.jpg\" alt=\"\" width=\"254\" height=\"300\" class=\"aligncenter size-medium wp-image-1358\" srcset=\"https:\/\/www.astrologie-zentrum-hannover.de\/wordpress\/wp-content\/uploads\/2013\/07\/Anne-vor-blauer-T\u00fcr-klein1-254x300.jpg 254w, https:\/\/www.astrologie-zentrum-hannover.de\/wordpress\/wp-content\/uploads\/2013\/07\/Anne-vor-blauer-T\u00fcr-klein1-768x907.jpg 768w, https:\/\/www.astrologie-zentrum-hannover.de\/wordpress\/wp-content\/uploads\/2013\/07\/Anne-vor-blauer-T\u00fcr-klein1-867x1024.jpg 867w, https:\/\/www.astrologie-zentrum-hannover.de\/wordpress\/wp-content\/uploads\/2013\/07\/Anne-vor-blauer-T\u00fcr-klein1.jpg 1200w\" sizes=\"(max-width: 254px) 100vw, 254px\" \/><\/p>\n<p>Ich bin am 29. 11. 1952 in Hannover geboren, bin verheiratet und habe 2 Kinder.<\/p>\n<p>Nach Realschule und H\u00f6herer Handelsschule begann eine mehrj\u00e4hrige Berufst\u00e4tigkeit im B\u00fcro, u.a. in London und Paris, danach habe ich mein Abitur auf dem 2.Bildungsweg am Hannover-Kolleg bestanden. Anschlie\u00dfend habe ich von 1977 &#8211; 1983 das Gartenbaustudium an der Universit\u00e4t Hannover absolviert mit Abschluss als Dipl.-Ing. agr. (Gartenbau).<br \/>\nW\u00e4hrend meines Studiums begann ich, mich mit \u00f6kologischem Landbau zu befassen. Dadurch lernte ich, Fragen und Probleme ganzheitlich zu betrachten.  Mich interessierten neben Kompostierungsprozessen besonders alternative M\u00f6glichkeiten zum Einsatz von Pestiziden in der Bek\u00e4mpfung von Schadinsekten. In meiner Diplomarbeit habe ich 2 unterschiedlich wirtschaftende Obstbaubetriebe im Land Kehdingen untersucht in bezug auf Gifteinsatz und Insektenbestand. Danach habe ich als Agraringenieurin und Beraterin in Fallingbostel beim Versuchs- und Beratungsring \u00d6kologischer Landbau gearbeitet, wo ich biologisch wirtschaftende G\u00e4rtnereien und Landwirte bei ihrer zukunftsweisenden Arbeit unterst\u00fctzt habe. Gleichzeitig begannen intensive private astrologische Studien, z.B. bei Phoebe Wyss, Hannover, bei Edith Wangemann, Wuppertal, bei Thorwald Dethlefsen und Nicolaus Klein in M\u00fcnchen. Dadurch vertiefte ich mein Verst\u00e4ndnis von Ganzeitlichkeit.<\/p>\n<p>1987 wurde ich Mitglied im Deutschen Astrologen-Verband. 1993 habe ich beim Deutschen Astrologen-Verband (DAV) die Verbandspr\u00fcfung zur gepr\u00fcften Astrologin DAV bestanden.<br \/>\n<a href=\"http:\/\/www.astrologie-zentrum-hannover.de\/wordpress\/wp-content\/uploads\/2013\/07\/DAV_Logo_Ausbildungszentrum_V1_rot1.png\"><img decoding=\"async\" loading=\"lazy\" class=\"wp-image-340 aligncenter\" alt=\"DAV_Logo_Ausbildungszentrum_V1_rot\" src=\"http:\/\/www.astrologie-zentrum-hannover.de\/wordpress\/wp-content\/uploads\/2013\/07\/DAV_Logo_Ausbildungszentrum_V1_rot1.png\" width=\"286\" height=\"197\" srcset=\"https:\/\/www.astrologie-zentrum-hannover.de\/wordpress\/wp-content\/uploads\/2013\/07\/DAV_Logo_Ausbildungszentrum_V1_rot1.png 595w, https:\/\/www.astrologie-zentrum-hannover.de\/wordpress\/wp-content\/uploads\/2013\/07\/DAV_Logo_Ausbildungszentrum_V1_rot1-300x207.png 300w\" sizes=\"(max-width: 286px) 100vw, 286px\" \/><\/a><br \/>\nSeit 1996 bin ich als selbst\u00e4ndige Astrologin t\u00e4tig. 2004 habe ich eigene Praxisr\u00e4ume in Hannover gemietet unter dem Namen &#8220;Astro-Philosophie&#8221;, weil f\u00fcr mich Astrologie ein philosophisches System mit praktischer Nutzanwendung ist. Inzwischen ist &#8220;Astro-Philosophie&#8221; Teil des Astrologie-Zentrums Hannover geworden. 2006 wurde ich als Ausbildungszentrum des Deutschen Astrologen-Verbandes anerkannt. Seither biete ich neben der Beratung und Deutung von Geburtshoroskopen Ausbildungsgruppen und Einzelunterricht an. Vortr\u00e4ge zu verschiedensten Anl\u00e4ssen runden mein Angebot ab.<\/p>\n","protected":false},"excerpt":{"rendered":"<p>Profil Annegret Becker-Baumann Ich bin am 29. 11. 1952 in Hannover geboren, bin verheiratet und habe 2 Kinder. Nach Realschule und H\u00f6herer Handelsschule begann eine mehrj\u00e4hrige Berufst\u00e4tigkeit im B\u00fcro, u.a. in London und Paris, danach habe ich mein Abitur auf &hellip; <a href=\"http:\/\/www.astrologie-zentrum-hannover.de\/wordpress\/profil\/\">Weiterlesen <span class=\"meta-nav\">&rarr;<\/span><\/a><\/p>\n","protected":false},"author":1,"featured_media":0,"parent":0,"menu_order":0,"comment_status":"closed","ping_status":"open","template":"onecolumn-page.php","meta":[],"_links":{"self":[{"href":"http:\/\/www.astrologie-zentrum-hannover.de\/wordpress\/wp-json\/wp\/v2\/pages\/54"}],"collection":[{"href":"http:\/\/www.astrologie-zentrum-hannover.de\/wordpress\/wp-json\/wp\/v2\/pages"}],"about":[{"href":"http:\/\/www.astrologie-zentrum-hannover.de\/wordpress\/wp-json\/wp\/v2\/types\/page"}],"author":[{"embeddable":true,"href":"http:\/\/www.astrologie-zentrum-hannover.de\/wordpress\/wp-json\/wp\/v2\/users\/1"}],"replies":[{"embeddable":true,"href":"http:\/\/www.astrologie-zentrum-hannover.de\/wordpress\/wp-json\/wp\/v2\/comments?post=54"}],"version-history":[{"count":16,"href":"http:\/\/www.astrologie-zentrum-hannover.de\/wordpress\/wp-json\/wp\/v2\/pages\/54\/revisions"}],"predecessor-version":[{"id":1847,"href":"http:\/\/www.astrologie-zentrum-hannover.de\/wordpress\/wp-json\/wp\/v2\/pages\/54\/revisions\/1847"}],"wp:attachment":[{"href":"http:\/\/www.astrologie-zentrum-hannover.de\/wordpress\/wp-json\/wp\/v2\/media?parent=54"}],"curies":[{"name":"wp","href":"https:\/\/api.w.org\/{rel}","templated":true}]}}