{"id":266,"date":"2013-08-18T16:56:04","date_gmt":"2013-08-18T14:56:04","guid":{"rendered":"http:\/\/www.astrologie-zentrum-hannover.de\/wordpress\/?page_id=266"},"modified":"2020-11-23T10:43:12","modified_gmt":"2020-11-23T08:43:12","slug":"magische-momente","status":"publish","type":"page","link":"http:\/\/www.astrologie-zentrum-hannover.de\/wordpress\/magische-momente\/","title":{"rendered":"Magische Momente"},"content":{"rendered":"<p><strong>Magische Momente<\/strong><\/p>\n<p>Es gibt besondere Situationen im Leben, die bleiben f\u00fcr immer in Erinnerung. Ob Firmen-Event oder privates Fest, ob Hochzeit, Jubil\u00e4um oder runder Geburtstag, sie alle sollen einen w\u00fcrdigen Rahmen  bekommen.<\/p>\n<p>Eine Reise durch den Tierkreis ist etwas Besonderes, und alle Zuh\u00f6rer k\u00f6nnen damit etwas anfangen. Wenn Sie auf der Suche nach einem ungew\u00f6hnlichen und gleichzeitig unterhaltsamen Beitrag f\u00fcr Ihr Fest, f\u00fcr Ihr Event sind, dann ist mein Vortragsangebot genau das Richtige.<\/p>\n<p>Zu den Aktivit\u00e4ten, die ich im Angebot habe, geh\u00f6ren der Junggesellen-Abschied, der Festvortrag zur Konfirmation, die Geburtstags\u00fcberraschung mit unterschiedlichen Schwerpunkten, der Kulturvortrag \u00fcber Astrologie und Kunst ebenso wie der besondere Vortrag f\u00fcr die Skeptiker-Runde. Mein Repertoire umfasst Geschichte, Kunst, Religion, Wissenschaft und Politik.<\/p>\n<p>Ein m\u00f6gliches Beispiel einer konkreten Pr\u00e4sentation finden Sie unter der Rubrik &#8220;<a href=\"http:\/\/www.astrologie-zentrum-hannover.de\/wordpress\/sternstunden\/\" title=\"Sternstunden\">Sternstunden<\/a>&#8220;.<\/p>\n","protected":false},"excerpt":{"rendered":"<p>Magische Momente Es gibt besondere Situationen im Leben, die bleiben f\u00fcr immer in Erinnerung. Ob Firmen-Event oder privates Fest, ob Hochzeit, Jubil\u00e4um oder runder Geburtstag, sie alle sollen einen w\u00fcrdigen Rahmen bekommen. Eine Reise durch den Tierkreis ist etwas Besonderes, &hellip; <a href=\"http:\/\/www.astrologie-zentrum-hannover.de\/wordpress\/magische-momente\/\">Weiterlesen <span class=\"meta-nav\">&rarr;<\/span><\/a><\/p>\n","protected":false},"author":1,"featured_media":0,"parent":0,"menu_order":0,"comment_status":"closed","ping_status":"open","template":"onecolumn-page.php","meta":[],"_links":{"self":[{"href":"http:\/\/www.astrologie-zentrum-hannover.de\/wordpress\/wp-json\/wp\/v2\/pages\/266"}],"collection":[{"href":"http:\/\/www.astrologie-zentrum-hannover.de\/wordpress\/wp-json\/wp\/v2\/pages"}],"about":[{"href":"http:\/\/www.astrologie-zentrum-hannover.de\/wordpress\/wp-json\/wp\/v2\/types\/page"}],"author":[{"embeddable":true,"href":"http:\/\/www.astrologie-zentrum-hannover.de\/wordpress\/wp-json\/wp\/v2\/users\/1"}],"replies":[{"embeddable":true,"href":"http:\/\/www.astrologie-zentrum-hannover.de\/wordpress\/wp-json\/wp\/v2\/comments?post=266"}],"version-history":[{"count":10,"href":"http:\/\/www.astrologie-zentrum-hannover.de\/wordpress\/wp-json\/wp\/v2\/pages\/266\/revisions"}],"predecessor-version":[{"id":1840,"href":"http:\/\/www.astrologie-zentrum-hannover.de\/wordpress\/wp-json\/wp\/v2\/pages\/266\/revisions\/1840"}],"wp:attachment":[{"href":"http:\/\/www.astrologie-zentrum-hannover.de\/wordpress\/wp-json\/wp\/v2\/media?parent=266"}],"curies":[{"name":"wp","href":"https:\/\/api.w.org\/{rel}","templated":true}]}}