{"id":25,"date":"2013-07-25T02:43:16","date_gmt":"2013-07-25T00:43:16","guid":{"rendered":"http:\/\/www.astrologie-zentrum-hannover.de\/wordpress\/?page_id=25"},"modified":"2025-09-18T18:28:50","modified_gmt":"2025-09-18T16:28:50","slug":"sternstunden","status":"publish","type":"page","link":"http:\/\/www.astrologie-zentrum-hannover.de\/wordpress\/sternstunden\/","title":{"rendered":"Sternstunden"},"content":{"rendered":"<p><b>Sternstunden<\/b><br \/>\n<img decoding=\"async\" src=\"http:\/\/astrologie-zentrum-hannover.de\/Logos\/Stern209.gif\"><br \/>\n<i>Ein Vortrags-Event f\u00fcr Sie und Ihre G\u00e4ste<br \/>\nmit der Astrologin Annegret Becker-Baumann.<\/i><\/p>\n<div class=\"termine_note\">\n<center><\/p>\n<table border=\"0\">\n<tbody>\n<tr>\n<td><u>Thema:<\/u><\/td>\n<td>Eine Tierkreiszeichenpr\u00e4sentation, mit den zw\u00f6lf Typen von Widder bis Fische, passend zu Ihrem Event.<br \/>\nHeiter-besinnlich oder philosophisch-spirituell oder frech-frivol oder ein bisschen von allem.<\/td>\n<\/tr>\n<tr>\n<td><u>Geeignet:<\/u><\/td>\n<td>F\u00fcr Geburtstagsfeiern, Jubil\u00e4en, Hochzeiten, Klassentreffen,<br \/>\nalle Anl\u00e4sse mit Unterhaltungswert.<br \/>\nEine Sterndeuterin bei Ihnen zu Gast &#8211; das besondere Highlight!<\/td>\n<\/tr>\n<tr>\n<td><u>Dauer:<\/u><\/td>\n<td>Zwischen 45 Minuten und 60 Minuten, je nach Wunsch.<\/td>\n<\/tr>\n<tr>\n<td><u>Kosten:<\/u><\/td>\n<td> 300 Euro<\/td>\n<\/tr>\n<tr>\n<td><u>Details:<\/u><\/td>\n<td>Ihre W\u00fcnsche kl\u00e4ren wir in einem Vorgespr\u00e4ch. Rufen Sie mich an!<br \/>\nIch freue mich darauf. Tel.: 0160 \/ 9139 8455<\/td>\n<\/tr>\n<\/tbody>\n<\/table>\n<p><\/center><\/div>\n<div class=\"termine_smart\">\n<u>Thema: <\/u><br \/>\nEine Tierkreiszeichenpr\u00e4sentation, mit den zw\u00f6lf Typologien von Widder bis Fische, passend zu Ihrem Event.<br \/>\nHeiter-besinnlich oder philosophisch-spirituell oder frech-frivol oder ein bisschen von allem.<\/p>\n<p><u>Geeignet: <\/u><br \/>\nF\u00fcr Geburtstagsfeiern, Jubil\u00e4en, Hochzeiten, Klassentreffen,<br \/>\nalle Anl\u00e4sse mit Unterhaltungswert.<br \/>\nEine Sterndeuterin bei Ihnen zu Gast \u2013 das besondere Highlight!<\/p>\n<p><u>Dauer:<\/u><br \/>\nZwischen 45 Minuten und 60 Minuten, je nach Wunsch.<\/p>\n<p><u>Kosten:<\/u><br \/>\nab 300 Euro, je nach Zusatzleistungen wie Horoskoperstellung f\u00fcr Einzelpersonen und Deutungstexten inkl. sch\u00f6ner Ausstattung.<\/p>\n<p><u>Fahrtkosten:<\/u>&gt;<br \/>\nau\u00dferhalb von Hannover je nach Entfernung 20 \u2013 30 Euro.<\/p>\n<p><u>Details: <\/u><br \/>\nIhre W\u00fcnsche kl\u00e4ren wir in einem Vorgespr\u00e4ch. Rufen Sie mich an!<br \/>\nIch freue mich darauf. Tel.: 0160 \/ 9139 8455<\/p>\n<\/div>\n<div id=\"attachment_1400\" style=\"width: 214px\" class=\"wp-caption aligncenter\"><img aria-describedby=\"caption-attachment-1400\" decoding=\"async\" loading=\"lazy\" src=\"http:\/\/www.astrologie-zentrum-hannover.de\/wordpress\/wp-content\/uploads\/2018\/01\/kreis_event.jpg\" alt=\"Vortrag bei einem Event \" width=\"204\" height=\"300\" class=\"size-full wp-image-1400\"><p id=\"caption-attachment-1400\" class=\"wp-caption-text\">&#8220;Der fr\u00f6hliche Tierkreis&#8221;. Vortrag bei einem Event im Parkhotel Wolfsburg.<\/p><\/div>\n","protected":false},"excerpt":{"rendered":"<p>Sternstunden Ein Vortrags-Event f\u00fcr Sie und Ihre G\u00e4ste mit der Astrologin Annegret Becker-Baumann. Thema: Eine Tierkreiszeichenpr\u00e4sentation, mit den zw\u00f6lf Typen von Widder bis Fische, passend zu Ihrem Event. Heiter-besinnlich oder philosophisch-spirituell oder frech-frivol oder ein bisschen von allem. Geeignet: F\u00fcr &hellip; <a href=\"http:\/\/www.astrologie-zentrum-hannover.de\/wordpress\/sternstunden\/\">Weiterlesen <span class=\"meta-nav\">&rarr;<\/span><\/a><\/p>\n","protected":false},"author":1,"featured_media":0,"parent":0,"menu_order":0,"comment_status":"closed","ping_status":"open","template":"onecolumn-page.php","meta":[],"_links":{"self":[{"href":"http:\/\/www.astrologie-zentrum-hannover.de\/wordpress\/wp-json\/wp\/v2\/pages\/25"}],"collection":[{"href":"http:\/\/www.astrologie-zentrum-hannover.de\/wordpress\/wp-json\/wp\/v2\/pages"}],"about":[{"href":"http:\/\/www.astrologie-zentrum-hannover.de\/wordpress\/wp-json\/wp\/v2\/types\/page"}],"author":[{"embeddable":true,"href":"http:\/\/www.astrologie-zentrum-hannover.de\/wordpress\/wp-json\/wp\/v2\/users\/1"}],"replies":[{"embeddable":true,"href":"http:\/\/www.astrologie-zentrum-hannover.de\/wordpress\/wp-json\/wp\/v2\/comments?post=25"}],"version-history":[{"count":11,"href":"http:\/\/www.astrologie-zentrum-hannover.de\/wordpress\/wp-json\/wp\/v2\/pages\/25\/revisions"}],"predecessor-version":[{"id":2288,"href":"http:\/\/www.astrologie-zentrum-hannover.de\/wordpress\/wp-json\/wp\/v2\/pages\/25\/revisions\/2288"}],"wp:attachment":[{"href":"http:\/\/www.astrologie-zentrum-hannover.de\/wordpress\/wp-json\/wp\/v2\/media?parent=25"}],"curies":[{"name":"wp","href":"https:\/\/api.w.org\/{rel}","templated":true}]}}