{"id":13,"date":"2013-07-24T18:25:06","date_gmt":"2013-07-24T16:25:06","guid":{"rendered":"http:\/\/www.astrologie-zentrum-hannover.de\/wordpress\/?page_id=13"},"modified":"2025-08-20T13:16:22","modified_gmt":"2025-08-20T11:16:22","slug":"termine","status":"publish","type":"page","link":"http:\/\/www.astrologie-zentrum-hannover.de\/wordpress\/termine\/","title":{"rendered":"Termine"},"content":{"rendered":"<p><strong>Aktuelle Termine<\/strong><\/p>\n<table id=\"termine\" border=\"1\">\n<tbody>\n<tr>\n<td>#<\/td>\n<td><strong>Veranstaltung<\/strong><\/td>\n<td><strong>Datum<\/strong><\/td>\n<td><strong>Uhrzeit<\/strong><\/td>\n<\/tr>\n<tr>\n<td><strong>1<\/strong><\/td>\n<td>Landwirtschaft, Natur, Astrologie<br \/>\nGastgeberin: Landfrauen Springe<\/td>\n<td>Mittwoch, 15. Oktober 2025<br \/>\nDer Vortrag findet im Berggasthaus Ziegenbuche statt, An der Ziegenbuche 6, 31848 Bad M\u00fcnder. 3 Euro Eintritt.<br \/>\nAnmeldung bei Frau Mariele Kriemelmeyer,<br \/>\nTel.: 0177 \/ 7156 814<\/td>\n<td>15.30 Uhr zu Kaffee und Kuchen (kostenpflichtig), 16.00 Uhr Beginn des Vortrags<\/td>\n<\/tr>\n<tr>\n<td colspan=\"4\">Als Diplom-Agraringenieurin haben mich die Prozesse der Natur immer besonders besch\u00e4ftigt. Der Weg von der Biologie und Physik zur Metaphysik ist nicht weit. Geist und Natur sind zwei Aspekte eines gr\u00f6\u00dferen Ganzen. Die Gesetze der Natur harmonieren mit den Gesetzm\u00e4\u00dfigkeiten der Astrologie. Im Vortrag werden diese Zusammenh\u00e4nge erl\u00e4utert.<\/td>\n<\/tr>\n<tr>\n<td><strong>2<\/strong><\/td>\n<td>Kirche und Astrologie &#8211; eine spannungsreiche Beziehung.<br \/>\nGastgeber: Evangelisch-lutherische Kirchengemeinde St. Marien, Wathlingen und Heimatverein Wathlingen e.V.<\/td>\n<td>Samstag, 25. Oktober 2025<br \/>\nDer Vortrag findet in der Kirche St. Marien statt, Kirchstra\u00dfe 1, 29339 Wathlingen. Er ist kostenlos. Eine Anmeldung ist nicht notwendig<\/td>\n<td>14.00 Uhr<\/td>\n<\/tr>\n<tr>\n<td colspan=\"4\">Astrologie und die Kirche haben es nicht immer leicht mit einander. Im Laufe der Jahrhunderte gab es  Phasen der Akzeptanz, aber auch Zeiten der Ablehnung durch die gro\u00dfen Kirchen. Ber\u00fchmte Pers\u00f6nlichkeiten, Theologen, K\u00fcnstler, Mediziner haben sich mit Astrologie befasst. W\u00e4hrend der Reformation ist besonders Philipp Melanchthon zu nennen, der als Reformator an der Seite Martin Luthers k\u00e4mpfte, zugleich Astrologie praktizierte und Astrologie an der Leucorea, der Universit\u00e4t in Wittenberg unterrichtete. Der Vortrag stellt vor diesem Hintergrund die Philosophie der Astrologie vor und schaut auf Trennendes und Verbindendes zur Institution Kirche.<\/td>\n<\/tr>\n<\/tbody>\n<\/table>\n","protected":false},"excerpt":{"rendered":"<p>Aktuelle Termine # Veranstaltung Datum Uhrzeit 1 Landwirtschaft, Natur, Astrologie Gastgeberin: Landfrauen Springe Mittwoch, 15. Oktober 2025 Der Vortrag findet im Berggasthaus Ziegenbuche statt, An der Ziegenbuche 6, 31848 Bad M\u00fcnder. 3 Euro Eintritt. Anmeldung bei Frau Mariele Kriemelmeyer, Tel.: &hellip; <a href=\"http:\/\/www.astrologie-zentrum-hannover.de\/wordpress\/termine\/\">Weiterlesen <span class=\"meta-nav\">&rarr;<\/span><\/a><\/p>\n","protected":false},"author":1,"featured_media":0,"parent":0,"menu_order":0,"comment_status":"closed","ping_status":"open","template":"onecolumn-page.php","meta":[],"_links":{"self":[{"href":"http:\/\/www.astrologie-zentrum-hannover.de\/wordpress\/wp-json\/wp\/v2\/pages\/13"}],"collection":[{"href":"http:\/\/www.astrologie-zentrum-hannover.de\/wordpress\/wp-json\/wp\/v2\/pages"}],"about":[{"href":"http:\/\/www.astrologie-zentrum-hannover.de\/wordpress\/wp-json\/wp\/v2\/types\/page"}],"author":[{"embeddable":true,"href":"http:\/\/www.astrologie-zentrum-hannover.de\/wordpress\/wp-json\/wp\/v2\/users\/1"}],"replies":[{"embeddable":true,"href":"http:\/\/www.astrologie-zentrum-hannover.de\/wordpress\/wp-json\/wp\/v2\/comments?post=13"}],"version-history":[{"count":456,"href":"http:\/\/www.astrologie-zentrum-hannover.de\/wordpress\/wp-json\/wp\/v2\/pages\/13\/revisions"}],"predecessor-version":[{"id":2274,"href":"http:\/\/www.astrologie-zentrum-hannover.de\/wordpress\/wp-json\/wp\/v2\/pages\/13\/revisions\/2274"}],"wp:attachment":[{"href":"http:\/\/www.astrologie-zentrum-hannover.de\/wordpress\/wp-json\/wp\/v2\/media?parent=13"}],"curies":[{"name":"wp","href":"https:\/\/api.w.org\/{rel}","templated":true}]}}