{"id":1045,"date":"2016-05-26T23:01:55","date_gmt":"2016-05-26T21:01:55","guid":{"rendered":"http:\/\/www.astrologie-zentrum-hannover.de\/wordpress\/?page_id=1045"},"modified":"2020-11-23T10:34:59","modified_gmt":"2020-11-23T08:34:59","slug":"veranstalter-feedback","status":"publish","type":"page","link":"http:\/\/www.astrologie-zentrum-hannover.de\/wordpress\/veranstalter-feedback\/","title":{"rendered":"Veranstalter-Feedback"},"content":{"rendered":"<p>Ich halte Vortr\u00e4ge bei unterschiedlichen Veranstaltern. Einige R\u00fcckmeldungen k\u00f6nnen Sie hier lesen:<\/p>\n<hr>\n<blockquote><p>Die astrologische Jahresprognose hat uns zum dritten Mal den Jahresstart erleichtert:<br \/>\n30 Damen lauschten im Januar 2016 konzentriert den Ausf\u00fchrungen von Frau Annegret Becker-Baumann, um sich auf das kommende Jahr vorzubereiten. Das Unternehmerinnen Netzwerk Isernhagen stimmt so jedes Jahr Ihre Mitglieder auf die Aussichten des neuen Jahres ein.<\/p>\n<p>Frau Becker-Baumann, selbst aktives Mitglied des UNI, stellt in ihrer Prognose die besonderen Jahreskonstellationen und die einzelnen Tierkreise ausf\u00fchrlich vor. Dabei geht sie behutsam auf Einzelfragen ein und pr\u00e4sentiert die positiven Aussichten wortgewandt. M\u00f6gliche Schattenseiten des Jahres werden in Form von Chancen umgem\u00fcnzt. Insgesamt ist es jedes Mal ein Vergn\u00fcgen, den kompetenten Erl\u00e4uterungen zum astrologischen Jahreskalender zu folgen.<\/p>\n<p>Christina Wathling-Peters<br \/>\n1.Vorsitzende UNI Unternehmerinnen Netzwerk Isernhagen<br \/>\nwww.uni-isernhagen.de<\/p>\n<hr>\n<p><img decoding=\"async\" src=\"http:\/\/www.astrologie-zentrum-hannover.de\/wordpress\/wp-content\/uploads\/2016\/05\/kgv_ogo.jpg\" alt=\"kgv_ogo\" width=\"150\" class=\"aligncenter\"><br \/>\nSternstunden 2016 &#8211; astro-philosophische Prognose<\/p>\n<p>In ihrem Lebendigen Caf\u00e9 vom Montag, den 11.01.2016 blickte die Kulturgemeinschaft Vinnhorst e. V. in die Sterne! Das Jahr war noch ganz jung. Das nahm die Astrologin Annegret Becker-Baumann zum Anlass, beim ersten Lebendigen Caf\u00e9 2016 bei der Kulturgemeinschaft Vinnhorst e. V. eine Prognose f\u00fcr das Neue Jahr zu erstellen. Gespannt lauschten rund 50 G\u00e4ste den erstellten Prognosen \u00fcber das, was die Sterne so verraten. Vor allem der Gl\u00fccksplanet Jupiter und der strenge Planet Saturn gelten als wichtige Hinweise darauf, was als Schicksal am Himmel ablesbar ist.<br \/>\nBeim Erkl\u00e4ren der charakteristischen Eigenschaften der 12 Sternbilder h\u00f6rten selbst die \u201eSkepti-ker\u201c ganz genau hin, und manch einer musste sich eingestehen, sich selber in den Sternen wieder zu finden.<br \/>\nDer Vortrag war spannend, informativ und unterhaltsam. Man sp\u00fcrte die Begeisterung der Referentin, die sich auf die G\u00e4ste \u00fcbertrug. Am Ende gab es viel Applaus f\u00fcr diesen gelungenen Ausblick.<\/p>\n<p>Kulturgemeinschaft Vinnhorst. e.V.<\/p>\n<hr>\n<p>Astrologie als lebensnahe Philosophie<\/p>\n<p>Anl\u00e4sslich eines Informationsabends beim Deutschen Hausfrauen-Bund Ortsverband Laatzen e.V. referierte Frau Annegret Becker-Baumann auf humorvolle Weise \u00fcber die 12 Tierkreiszeichen. Es war ein \u00e4u\u00dferst interessanter Abend, an dem auch ganz viel gelacht und geschmunzelt wurde. Die Anwesenden h\u00f6rten fasziniert die jeweiligen Eigenschaften, Schw\u00e4chen und St\u00e4rken, der Sonnenzeichen und fanden sich auch irgendwie in einer Form wieder. Die Referentin brachte so auch den Verlauf der Jahreszeiten in Verbindung mit den Sternkreiszeichen nahe. Man merkte einfach, Frau Becker-Baumann war in ihrem Element und die Zuh\u00f6rer waren begeistert. Der Abend verging viel zu schnell und die Mitglieder des Hausfrauen-Bundes haben nun den Wunsch, dass die Referentin nochmals in den Verband kommt. Es gibt ja noch so viel, was in den Sternen steht!<\/p>\n<p>Danke, Frau Becker-Baumann!!!<\/p>\n<p>Ingrid Pawelczak, Vorsitzende im Hausfrauen-Bund Laatzen<\/p>\n<hr>\n<p>Liebe Annegret,<br \/>\nnach deinem Vortrag &#8220;Astrologie &#8211; was ist das?&#8221; <em>(im August 2017)<\/em> habe ich viele Kommentare geh\u00f6rt.<br \/>\nEingeladen war ja die Bridge-Spielgemeinschaft, von der auch viele gekommen waren. Nach der Einladung (vor der Veranstaltung) hatte ich bei manchen den Eindruck, dass sie mir zuliebe zugesagt haben, von Astrologie keine Ahnung haben, es aber auf jeden Fall f\u00fcr Hokuspokus halten.<br \/>\nNach dem Vortrag haben ganz offensichtlich viele ihre Meinung ge\u00e4ndert oder \u00fcberhaupt erst gebildet.<br \/>\nWas ich geh\u00f6rt habe:<br \/>\n&#8230; sehr interessant &#8230; Vortrag war sehr gut strukturiert &#8230; klare Sprache &#8230; Interesse geweckt &#8230; werde mich auch mal nach meiner Geburtsstunde erkundigen usw.<br \/>\nAlso, ein sch\u00f6nes Echo.<br \/>\nEinen weiteren Vortrag w\u00fcrde ich mir w\u00fcnschen. An spannenden Themen wird es nicht fehlen.<br \/>\nLG<br \/>\nIlla Kloss \/ An der Eiche 13 \/ 30926 Seelze<\/p><\/blockquote>\n","protected":false},"excerpt":{"rendered":"<p>Ich halte Vortr\u00e4ge bei unterschiedlichen Veranstaltern. Einige R\u00fcckmeldungen k\u00f6nnen Sie hier lesen: Die astrologische Jahresprognose hat uns zum dritten Mal den Jahresstart erleichtert: 30 Damen lauschten im Januar 2016 konzentriert den Ausf\u00fchrungen von Frau Annegret Becker-Baumann, um sich auf das &hellip; <a href=\"http:\/\/www.astrologie-zentrum-hannover.de\/wordpress\/veranstalter-feedback\/\">Weiterlesen <span class=\"meta-nav\">&rarr;<\/span><\/a><\/p>\n","protected":false},"author":1,"featured_media":0,"parent":0,"menu_order":0,"comment_status":"closed","ping_status":"closed","template":"onecolumn-page.php","meta":[],"_links":{"self":[{"href":"http:\/\/www.astrologie-zentrum-hannover.de\/wordpress\/wp-json\/wp\/v2\/pages\/1045"}],"collection":[{"href":"http:\/\/www.astrologie-zentrum-hannover.de\/wordpress\/wp-json\/wp\/v2\/pages"}],"about":[{"href":"http:\/\/www.astrologie-zentrum-hannover.de\/wordpress\/wp-json\/wp\/v2\/types\/page"}],"author":[{"embeddable":true,"href":"http:\/\/www.astrologie-zentrum-hannover.de\/wordpress\/wp-json\/wp\/v2\/users\/1"}],"replies":[{"embeddable":true,"href":"http:\/\/www.astrologie-zentrum-hannover.de\/wordpress\/wp-json\/wp\/v2\/comments?post=1045"}],"version-history":[{"count":9,"href":"http:\/\/www.astrologie-zentrum-hannover.de\/wordpress\/wp-json\/wp\/v2\/pages\/1045\/revisions"}],"predecessor-version":[{"id":1843,"href":"http:\/\/www.astrologie-zentrum-hannover.de\/wordpress\/wp-json\/wp\/v2\/pages\/1045\/revisions\/1843"}],"wp:attachment":[{"href":"http:\/\/www.astrologie-zentrum-hannover.de\/wordpress\/wp-json\/wp\/v2\/media?parent=1045"}],"curies":[{"name":"wp","href":"https:\/\/api.w.org\/{rel}","templated":true}]}}